{"id":782,"date":"2022-09-16T08:40:50","date_gmt":"2022-09-16T08:40:50","guid":{"rendered":"https:\/\/neuronthemes.com\/ellada\/?page_id=782"},"modified":"2024-10-08T17:33:17","modified_gmt":"2024-10-08T17:33:17","slug":"sobre-nosotros","status":"publish","type":"page","link":"https:\/\/elitehubsocialmedia.com\/en\/sobre-nosotros","title":{"rendered":"About Us"},"content":{"rendered":"<div data-elementor-type=\"wp-page\" data-elementor-id=\"782\" class=\"elementor elementor-782\">\n\t\t\t\t\t\t<section class=\"elementor-section elementor-top-section elementor-element elementor-element-77d50c5 elementor-section-height-min-height elementor-section-boxed elementor-section-height-default elementor-section-items-middle\" data-id=\"77d50c5\" data-element_type=\"section\" data-settings=\"{&quot;background_background&quot;:&quot;classic&quot;}\">\n\t\t\t\t\t\t\t<div class=\"elementor-background-overlay\"><\/div>\n\t\t\t\t\t\t\t<div class=\"elementor-container elementor-column-gap-no\">\n\t\t\t\t\t<div class=\"elementor-column elementor-col-100 elementor-top-column elementor-element elementor-element-0f720dc\" data-id=\"0f720dc\" data-element_type=\"column\">\n\t\t\t<div class=\"elementor-widget-wrap elementor-element-populated\">\n\t\t\t\t\t\t<div class=\"elementor-element elementor-element-ed38e42 a-animated-heading__direction-column a-animated-heading__direction-tablet-column elementor-widget elementor-widget-neuron-animated-heading\" data-id=\"ed38e42\" data-element_type=\"widget\" data-settings=\"{&quot;animated_text&quot;:&quot;Conoce un poco\\nsobre nosotros&quot;,&quot;style&quot;:&quot;animated&quot;,&quot;animated_type&quot;:&quot;line&quot;,&quot;animated_animation&quot;:&quot;h-neuron-animation--slideUp&quot;,&quot;neuron_animations_duration&quot;:&quot;animated&quot;,&quot;animation_delay&quot;:200}\" data-widget_type=\"neuron-animated-heading.default\">\n\t\t\t\t<div class=\"elementor-widget-container\">\n\t\t\t\t\t\t\t<h1 class=\"a-animated-heading a-animated-heading--animated a-animated-heading--animated__line\" data-id=\"ed38e42\">\r\n\r\n\t\t\t\r\n\t\t\t<span class=\"a-animated-heading__text--dynamic-wrapper a-animated-heading__text\"><\/span>\r\n\r\n\t\t\t\r\n\t\t<\/h1>\r\n\t\t\t\t\t\t<\/div>\n\t\t\t\t<\/div>\n\t\t\t\t\t<\/div>\n\t\t<\/div>\n\t\t\t\t\t<\/div>\n\t\t<\/section>\n\t\t\t\t<section class=\"elementor-section elementor-top-section elementor-element elementor-element-13af3a0 elementor-section-boxed elementor-section-height-default elementor-section-height-default\" data-id=\"13af3a0\" data-element_type=\"section\">\n\t\t\t\t\t\t<div class=\"elementor-container elementor-column-gap-default\">\n\t\t\t\t\t<div class=\"elementor-column elementor-col-100 elementor-top-column elementor-element elementor-element-20fa0b1\" data-id=\"20fa0b1\" data-element_type=\"column\">\n\t\t\t<div class=\"elementor-widget-wrap elementor-element-populated\">\n\t\t\t\t\t\t<div class=\"elementor-element elementor-element-824465e elementor-widget elementor-widget-heading\" data-id=\"824465e\" data-element_type=\"widget\" data-widget_type=\"heading.default\">\n\t\t\t\t<div class=\"elementor-widget-container\">\n\t\t\t\t\t<h3 class=\"elementor-heading-title elementor-size-default\">We are a passionate team dedicated to helping our clients tell their stories. We firmly believe that every brand has something unique to offer, and we are here to make that happen.<\/h3>\t\t\t\t<\/div>\n\t\t\t\t<\/div>\n\t\t\t\t<section class=\"elementor-section elementor-inner-section elementor-element elementor-element-6be287f elementor-section-full_width elementor-section-height-default elementor-section-height-default\" data-id=\"6be287f\" data-element_type=\"section\">\n\t\t\t\t\t\t<div class=\"elementor-container elementor-column-gap-no\">\n\t\t\t\t\t<div class=\"elementor-column elementor-col-50 elementor-inner-column elementor-element elementor-element-dc9cbc6\" data-id=\"dc9cbc6\" data-element_type=\"column\">\n\t\t\t<div class=\"elementor-widget-wrap elementor-element-populated\">\n\t\t\t\t\t\t<div class=\"elementor-element elementor-element-46a893d elementor-widget elementor-widget-heading\" data-id=\"46a893d\" data-element_type=\"widget\" data-widget_type=\"heading.default\">\n\t\t\t\t<div class=\"elementor-widget-container\">\n\t\t\t\t\t<p class=\"elementor-heading-title elementor-size-default\">At Elite Hub, we understand that every brand has a unique story to tell. Ours was born from the combination of creativity, business vision, attention to detail, and a passion for bringing each project to its fullest potential. Our team of digital marketing experts is committed to helping our clients stand out in a competitive digital landscape. With experience across a variety of industries, including beauty, fashion, hospitality, and more, we provide personalized solutions that align with each brand\u2019s goals and values.<\/p>\t\t\t\t<\/div>\n\t\t\t\t<\/div>\n\t\t\t\t<div class=\"elementor-element elementor-element-5733a07 elementor-widget elementor-widget-heading\" data-id=\"5733a07\" data-element_type=\"widget\" data-widget_type=\"heading.default\">\n\t\t\t\t<div class=\"elementor-widget-container\">\n\t\t\t\t\t<h2 class=\"elementor-heading-title elementor-size-default\">With a focus on creativity and detail, we use innovative tools and strategies to maximize the impact of our campaigns. At Elite Hub, we believe in the power of quality content and the importance of building loyal communities around each brand. Our commitment is to generate tangible results and help our clients grow and evolve in the digital world.<\/h2>\t\t\t\t<\/div>\n\t\t\t\t<\/div>\n\t\t\t\t\t<\/div>\n\t\t<\/div>\n\t\t\t\t<div class=\"elementor-column elementor-col-50 elementor-inner-column elementor-element elementor-element-8e311c3\" data-id=\"8e311c3\" data-element_type=\"column\">\n\t\t\t<div class=\"elementor-widget-wrap elementor-element-populated\">\n\t\t\t\t\t\t<div class=\"elementor-element elementor-element-38ca714 elementor-widget elementor-widget-heading\" data-id=\"38ca714\" data-element_type=\"widget\" data-widget_type=\"heading.default\">\n\t\t\t\t<div class=\"elementor-widget-container\">\n\t\t\t\t\t<h2 class=\"elementor-heading-title elementor-size-default\">Our journey began with a passion for digital marketing and a clear vision: to empower brands to express themselves authentically. Over the years, we\u2019ve refined our skills and expanded our service, ensuring that every client receives a comprehensive and effective approach.<\/h2>\t\t\t\t<\/div>\n\t\t\t\t<\/div>\n\t\t\t\t<div class=\"elementor-element elementor-element-904036a elementor-widget elementor-widget-heading\" data-id=\"904036a\" data-element_type=\"widget\" data-widget_type=\"heading.default\">\n\t\t\t\t<div class=\"elementor-widget-container\">\n\t\t\t\t\t<h2 class=\"elementor-heading-title elementor-size-default\">Trust and collaboration are core values at Elite Hub. We pride ourselves on working closely with our clients, becoming extensions of their teams to ensure that every project truly reflects the essence of their brand. We\u2019re here to listen, learn, and grow together, creating campaigns that are not only effective but also resonate with their audience.<\/h2>\t\t\t\t<\/div>\n\t\t\t\t<\/div>\n\t\t\t\t\t<\/div>\n\t\t<\/div>\n\t\t\t\t\t<\/div>\n\t\t<\/section>\n\t\t\t\t\t<\/div>\n\t\t<\/div>\n\t\t\t\t\t<\/div>\n\t\t<\/section>\n\t\t\t\t<section class=\"elementor-section elementor-top-section elementor-element elementor-element-7312a69 elementor-section-full_width elementor-section-height-default elementor-section-height-default\" data-id=\"7312a69\" data-element_type=\"section\">\n\t\t\t\t\t\t<div class=\"elementor-container elementor-column-gap-no\">\n\t\t\t\t\t<div class=\"elementor-column elementor-col-100 elementor-top-column elementor-element elementor-element-c39de93\" data-id=\"c39de93\" data-element_type=\"column\">\n\t\t\t<div class=\"elementor-widget-wrap elementor-element-populated\">\n\t\t\t\t\t\t<div class=\"elementor-element elementor-element-1bcc6b9 elementor-widget elementor-widget-image\" data-id=\"1bcc6b9\" data-element_type=\"widget\" data-widget_type=\"image.default\">\n\t\t\t\t<div class=\"elementor-widget-container\">\n\t\t\t\t\t\t\t\t\t\t\t\t\t\t\t<img fetchpriority=\"high\" decoding=\"async\" width=\"1510\" height=\"705\" src=\"https:\/\/elitehubsocialmedia.com\/wp-content\/uploads\/2024\/10\/Elite-Hub-Social-Media-1.png\" class=\"attachment-full size-full wp-image-3134\" alt=\"\" srcset=\"https:\/\/elitehubsocialmedia.com\/wp-content\/uploads\/2024\/10\/Elite-Hub-Social-Media-1.png 1510w, https:\/\/elitehubsocialmedia.com\/wp-content\/uploads\/2024\/10\/Elite-Hub-Social-Media-1-300x140.png 300w, https:\/\/elitehubsocialmedia.com\/wp-content\/uploads\/2024\/10\/Elite-Hub-Social-Media-1-1024x478.png 1024w, https:\/\/elitehubsocialmedia.com\/wp-content\/uploads\/2024\/10\/Elite-Hub-Social-Media-1-768x359.png 768w\" sizes=\"(max-width: 1510px) 100vw, 1510px\" \/>\t\t\t\t\t\t\t\t\t\t\t\t\t\t\t<\/div>\n\t\t\t\t<\/div>\n\t\t\t\t\t<\/div>\n\t\t<\/div>\n\t\t\t\t\t<\/div>\n\t\t<\/section>\n\t\t\t\t<\/div>","protected":false},"excerpt":{"rendered":"<p>Somos un equipo apasionado comprometido a ayudar a nuestros clientes a contar su historia de manera aut\u00e9ntica y efectiva. Creemos firmemente que cada marca tiene algo especial que ofrecer, y estamos aqu\u00ed para hacerlo posible. En Elite Hub, entendemos que cada marca tiene una historia \u00fanica que contar, la nuestra nace de la uni\u00f3n de&#8230;<\/p>","protected":false},"author":1,"featured_media":0,"parent":0,"menu_order":0,"comment_status":"closed","ping_status":"closed","template":"","meta":{"footnotes":""},"class_list":["post-782","page","type-page","status-publish","hentry"],"_links":{"self":[{"href":"https:\/\/elitehubsocialmedia.com\/en\/wp-json\/wp\/v2\/pages\/782","targetHints":{"allow":["GET"]}}],"collection":[{"href":"https:\/\/elitehubsocialmedia.com\/en\/wp-json\/wp\/v2\/pages"}],"about":[{"href":"https:\/\/elitehubsocialmedia.com\/en\/wp-json\/wp\/v2\/types\/page"}],"author":[{"embeddable":true,"href":"https:\/\/elitehubsocialmedia.com\/en\/wp-json\/wp\/v2\/users\/1"}],"replies":[{"embeddable":true,"href":"https:\/\/elitehubsocialmedia.com\/en\/wp-json\/wp\/v2\/comments?post=782"}],"version-history":[{"count":11,"href":"https:\/\/elitehubsocialmedia.com\/en\/wp-json\/wp\/v2\/pages\/782\/revisions"}],"predecessor-version":[{"id":3150,"href":"https:\/\/elitehubsocialmedia.com\/en\/wp-json\/wp\/v2\/pages\/782\/revisions\/3150"}],"wp:attachment":[{"href":"https:\/\/elitehubsocialmedia.com\/en\/wp-json\/wp\/v2\/media?parent=782"}],"curies":[{"name":"wp","href":"https:\/\/api.w.org\/{rel}","templated":true}]}}