{"id":458,"date":"2022-09-12T08:58:18","date_gmt":"2022-09-12T08:58:18","guid":{"rendered":"https:\/\/neuronthemes.com\/ellada\/?page_id=458"},"modified":"2025-07-22T08:24:33","modified_gmt":"2025-07-22T08:24:33","slug":"servicios","status":"publish","type":"page","link":"https:\/\/elitehubsocialmedia.com\/en\/servicios","title":{"rendered":"Services"},"content":{"rendered":"<div data-elementor-type=\"wp-page\" data-elementor-id=\"458\" class=\"elementor elementor-458\">\n\t\t\t\t\t\t<section class=\"elementor-section elementor-top-section elementor-element elementor-element-dae4356 elementor-section-boxed elementor-section-height-default elementor-section-height-default\" data-id=\"dae4356\" data-element_type=\"section\">\n\t\t\t\t\t\t<div class=\"elementor-container elementor-column-gap-default\">\n\t\t\t\t\t<div class=\"elementor-column elementor-col-100 elementor-top-column elementor-element elementor-element-c3e2048\" data-id=\"c3e2048\" data-element_type=\"column\">\n\t\t\t<div class=\"elementor-widget-wrap elementor-element-populated\">\n\t\t\t\t\t\t<div class=\"elementor-element elementor-element-ba59068 elementor-widget elementor-widget-heading\" data-id=\"ba59068\" data-element_type=\"widget\" data-widget_type=\"heading.default\">\n\t\t\t\t<div class=\"elementor-widget-container\">\n\t\t\t\t\t<h2 class=\"elementor-heading-title elementor-size-default\">elite hub<\/h2>\t\t\t\t<\/div>\n\t\t\t\t<\/div>\n\t\t\t\t<div class=\"elementor-element elementor-element-c1c7ad1 elementor-widget elementor-widget-heading\" data-id=\"c1c7ad1\" data-element_type=\"widget\" data-widget_type=\"heading.default\">\n\t\t\t\t<div class=\"elementor-widget-container\">\n\t\t\t\t\t<h1 class=\"elementor-heading-title elementor-size-default\">Services<\/h1>\t\t\t\t<\/div>\n\t\t\t\t<\/div>\n\t\t\t\t\t<\/div>\n\t\t<\/div>\n\t\t\t\t\t<\/div>\n\t\t<\/section>\n\t\t\t\t<section class=\"elementor-section elementor-top-section elementor-element elementor-element-370f244 elementor-section-full_width n-ellada-container--wide elementor-section-height-default elementor-section-height-default\" data-id=\"370f244\" data-element_type=\"section\">\n\t\t\t\t\t\t<div class=\"elementor-container elementor-column-gap-no\">\n\t\t\t\t\t<div class=\"elementor-column elementor-col-100 elementor-top-column elementor-element elementor-element-dacc14a\" data-id=\"dacc14a\" data-element_type=\"column\">\n\t\t\t<div class=\"elementor-widget-wrap elementor-element-populated\">\n\t\t\t\t\t\t<div class=\"elementor-element elementor-element-e66f4ad l-neuron-grid-wrapper--columns__2 l-neuron-grid-wrapper-tablet--columns__2 l-neuron-grid-wrapper-mobile--columns__1 m-neuron-posts--thumbnail-top m-neuron-posts--layout-grid elementor-invisible elementor-widget elementor-widget-neuron-posts\" data-id=\"e66f4ad\" data-element_type=\"widget\" data-settings=\"{&quot;row_gap&quot;:{&quot;unit&quot;:&quot;px&quot;,&quot;size&quot;:90,&quot;sizes&quot;:[]},&quot;row_gap_tablet&quot;:{&quot;unit&quot;:&quot;px&quot;,&quot;size&quot;:50,&quot;sizes&quot;:[]},&quot;neuron_animations&quot;:&quot;h-neuron-animation--tiltUp&quot;,&quot;neuron_animations_duration&quot;:&quot;animated-slow&quot;,&quot;animation_delay&quot;:150,&quot;image_animation_hover&quot;:&quot;zoom-in&quot;,&quot;row_gap_mobile&quot;:{&quot;unit&quot;:&quot;px&quot;,&quot;size&quot;:32,&quot;sizes&quot;:[]},&quot;columns&quot;:&quot;2&quot;,&quot;columns_tablet&quot;:&quot;2&quot;,&quot;columns_mobile&quot;:&quot;1&quot;,&quot;carousel&quot;:&quot;no&quot;,&quot;layout&quot;:&quot;grid&quot;,&quot;pagination&quot;:&quot;none&quot;,&quot;animation&quot;:&quot;yes&quot;,&quot;animation_delay_reset&quot;:1000}\" data-widget_type=\"neuron-posts.default\">\n\t\t\t\t<div class=\"elementor-widget-container\">\n\t\t\t\t\t\t\t\t\t\t\t<div class=\"l-neuron-grid\" data-masonry-id=\"5ca907573ed127b1a018cbf22f4bb77c\">\r\n\t\t\t\t\t\t\t\t\t\t\t\t<article class=\"l-neuron-grid__item h-neuron-animation--wow m-neuron-post post-2801 portfolio type-portfolio status-publish has-post-thumbnail hentry portfolio_category-servicios\" data-id=\"2801\">\r\n\t\t\t\t\t\t\t\t<div class=\"m-neuron-post__inner m-neuron-post__inner--classic\">\r\n        \r\n        <a class=\"m-neuron-post__thumbnail--link\"  href=\"https:\/\/elitehubsocialmedia.com\/en\/portfolio\/branding\"><div class=\"m-neuron-post__thumbnail\"><img fetchpriority=\"high\" decoding=\"async\" width=\"1300\" height=\"780\" src=\"https:\/\/elitehubsocialmedia.com\/wp-content\/uploads\/2024\/10\/13-1.png\" class=\"attachment-full size-full wp-post-image\" alt=\"\" srcset=\"https:\/\/elitehubsocialmedia.com\/wp-content\/uploads\/2024\/10\/13-1.png 1300w, https:\/\/elitehubsocialmedia.com\/wp-content\/uploads\/2024\/10\/13-1-300x180.png 300w, https:\/\/elitehubsocialmedia.com\/wp-content\/uploads\/2024\/10\/13-1-1024x614.png 1024w, https:\/\/elitehubsocialmedia.com\/wp-content\/uploads\/2024\/10\/13-1-768x461.png 768w\" sizes=\"(max-width: 1300px) 100vw, 1300px\" \/><\/div><\/a><h5 class=\"m-neuron-post__title\"><a href=\"https:\/\/elitehubsocialmedia.com\/en\/portfolio\/branding\">Branding<\/a><\/h5>        \r\n    <\/div>\t\t\t\t\t\t\t<\/article>\r\n\t\t\t\t\t\t\t\t\t\t\t\t\t\t<article class=\"l-neuron-grid__item h-neuron-animation--wow m-neuron-post post-3371 portfolio type-portfolio status-publish has-post-thumbnail hentry portfolio_category-servicios\" data-id=\"3371\">\r\n\t\t\t\t\t\t\t\t<div class=\"m-neuron-post__inner m-neuron-post__inner--classic\">\r\n        \r\n        <a class=\"m-neuron-post__thumbnail--link\"  href=\"https:\/\/elitehubsocialmedia.com\/en\/portfolio\/consultoria-estrategica\"><div class=\"m-neuron-post__thumbnail\"><img decoding=\"async\" width=\"1300\" height=\"780\" src=\"https:\/\/elitehubsocialmedia.com\/wp-content\/uploads\/2025\/07\/Consultoria-Estretegica-.png\" class=\"attachment-full size-full wp-post-image\" alt=\"\" srcset=\"https:\/\/elitehubsocialmedia.com\/wp-content\/uploads\/2025\/07\/Consultoria-Estretegica-.png 1300w, https:\/\/elitehubsocialmedia.com\/wp-content\/uploads\/2025\/07\/Consultoria-Estretegica--300x180.png 300w, https:\/\/elitehubsocialmedia.com\/wp-content\/uploads\/2025\/07\/Consultoria-Estretegica--1024x614.png 1024w, https:\/\/elitehubsocialmedia.com\/wp-content\/uploads\/2025\/07\/Consultoria-Estretegica--768x461.png 768w, https:\/\/elitehubsocialmedia.com\/wp-content\/uploads\/2025\/07\/Consultoria-Estretegica--18x12.png 18w\" sizes=\"(max-width: 1300px) 100vw, 1300px\" \/><\/div><\/a><h5 class=\"m-neuron-post__title\"><a href=\"https:\/\/elitehubsocialmedia.com\/en\/portfolio\/consultoria-estrategica\">Strategic Consultancy<\/a><\/h5>        \r\n    <\/div>\t\t\t\t\t\t\t<\/article>\r\n\t\t\t\t\t\t\t\t\t\t\t\t\t\t<article class=\"l-neuron-grid__item h-neuron-animation--wow m-neuron-post post-2797 portfolio type-portfolio status-publish has-post-thumbnail hentry portfolio_category-servicios\" data-id=\"2797\">\r\n\t\t\t\t\t\t\t\t<div class=\"m-neuron-post__inner m-neuron-post__inner--classic\">\r\n        \r\n        <a class=\"m-neuron-post__thumbnail--link\"  href=\"https:\/\/elitehubsocialmedia.com\/en\/portfolio\/creacion-de-contenido\"><div class=\"m-neuron-post__thumbnail\"><img decoding=\"async\" width=\"1300\" height=\"780\" src=\"https:\/\/elitehubsocialmedia.com\/wp-content\/uploads\/2024\/10\/11-1.png\" class=\"attachment-full size-full wp-post-image\" alt=\"\" srcset=\"https:\/\/elitehubsocialmedia.com\/wp-content\/uploads\/2024\/10\/11-1.png 1300w, https:\/\/elitehubsocialmedia.com\/wp-content\/uploads\/2024\/10\/11-1-300x180.png 300w, https:\/\/elitehubsocialmedia.com\/wp-content\/uploads\/2024\/10\/11-1-1024x614.png 1024w, https:\/\/elitehubsocialmedia.com\/wp-content\/uploads\/2024\/10\/11-1-768x461.png 768w\" sizes=\"(max-width: 1300px) 100vw, 1300px\" \/><\/div><\/a><h5 class=\"m-neuron-post__title\"><a href=\"https:\/\/elitehubsocialmedia.com\/en\/portfolio\/creacion-de-contenido\">Content Creation<\/a><\/h5>        \r\n    <\/div>\t\t\t\t\t\t\t<\/article>\r\n\t\t\t\t\t\t\t\t\t\t\t\t\t\t<article class=\"l-neuron-grid__item h-neuron-animation--wow m-neuron-post post-3382 portfolio type-portfolio status-publish has-post-thumbnail hentry portfolio_category-servicios\" data-id=\"3382\">\r\n\t\t\t\t\t\t\t\t<div class=\"m-neuron-post__inner m-neuron-post__inner--classic\">\r\n        \r\n        <a class=\"m-neuron-post__thumbnail--link\"  href=\"https:\/\/elitehubsocialmedia.com\/en\/portfolio\/creadores-de-contenido\"><div class=\"m-neuron-post__thumbnail\"><img loading=\"lazy\" decoding=\"async\" width=\"1300\" height=\"780\" src=\"https:\/\/elitehubsocialmedia.com\/wp-content\/uploads\/2025\/07\/Creadores-de-Contenido-.png\" class=\"attachment-full size-full wp-post-image\" alt=\"\" srcset=\"https:\/\/elitehubsocialmedia.com\/wp-content\/uploads\/2025\/07\/Creadores-de-Contenido-.png 1300w, https:\/\/elitehubsocialmedia.com\/wp-content\/uploads\/2025\/07\/Creadores-de-Contenido--300x180.png 300w, https:\/\/elitehubsocialmedia.com\/wp-content\/uploads\/2025\/07\/Creadores-de-Contenido--1024x614.png 1024w, https:\/\/elitehubsocialmedia.com\/wp-content\/uploads\/2025\/07\/Creadores-de-Contenido--768x461.png 768w, https:\/\/elitehubsocialmedia.com\/wp-content\/uploads\/2025\/07\/Creadores-de-Contenido--18x12.png 18w\" sizes=\"(max-width: 1300px) 100vw, 1300px\" \/><\/div><\/a><h5 class=\"m-neuron-post__title\"><a href=\"https:\/\/elitehubsocialmedia.com\/en\/portfolio\/creadores-de-contenido\">Content Creators<\/a><\/h5>        \r\n    <\/div>\t\t\t\t\t\t\t<\/article>\r\n\t\t\t\t\t\t\t\t\t\t\t\t\t\t<article class=\"l-neuron-grid__item h-neuron-animation--wow m-neuron-post post-2777 portfolio type-portfolio status-publish has-post-thumbnail hentry portfolio_category-servicios\" data-id=\"2777\">\r\n\t\t\t\t\t\t\t\t<div class=\"m-neuron-post__inner m-neuron-post__inner--classic\">\r\n        \r\n        <a class=\"m-neuron-post__thumbnail--link\"  href=\"https:\/\/elitehubsocialmedia.com\/en\/portfolio\/gestion-de-redes-sociales\"><div class=\"m-neuron-post__thumbnail\"><img loading=\"lazy\" decoding=\"async\" width=\"1300\" height=\"780\" src=\"https:\/\/elitehubsocialmedia.com\/wp-content\/uploads\/2024\/10\/Foto-Principal-web-SM-Servicios.png\" class=\"attachment-full size-full wp-post-image\" alt=\"\" srcset=\"https:\/\/elitehubsocialmedia.com\/wp-content\/uploads\/2024\/10\/Foto-Principal-web-SM-Servicios.png 1300w, https:\/\/elitehubsocialmedia.com\/wp-content\/uploads\/2024\/10\/Foto-Principal-web-SM-Servicios-300x180.png 300w, https:\/\/elitehubsocialmedia.com\/wp-content\/uploads\/2024\/10\/Foto-Principal-web-SM-Servicios-1024x614.png 1024w, https:\/\/elitehubsocialmedia.com\/wp-content\/uploads\/2024\/10\/Foto-Principal-web-SM-Servicios-768x461.png 768w\" sizes=\"(max-width: 1300px) 100vw, 1300px\" \/><\/div><\/a><h5 class=\"m-neuron-post__title\"><a href=\"https:\/\/elitehubsocialmedia.com\/en\/portfolio\/gestion-de-redes-sociales\">Social Media Management<\/a><\/h5>        \r\n    <\/div>\t\t\t\t\t\t\t<\/article>\r\n\t\t\t\t\t\t\t\t\t\t\t\t\t\t<article class=\"l-neuron-grid__item h-neuron-animation--wow m-neuron-post post-2790 portfolio type-portfolio status-publish has-post-thumbnail hentry portfolio_category-servicios\" data-id=\"2790\">\r\n\t\t\t\t\t\t\t\t<div class=\"m-neuron-post__inner m-neuron-post__inner--classic\">\r\n        \r\n        <a class=\"m-neuron-post__thumbnail--link\"  href=\"https:\/\/elitehubsocialmedia.com\/en\/portfolio\/publicidad-en-redes-sociales\"><div class=\"m-neuron-post__thumbnail\"><img loading=\"lazy\" decoding=\"async\" width=\"1300\" height=\"780\" src=\"https:\/\/elitehubsocialmedia.com\/wp-content\/uploads\/2024\/10\/7.png\" class=\"attachment-full size-full wp-post-image\" alt=\"\" srcset=\"https:\/\/elitehubsocialmedia.com\/wp-content\/uploads\/2024\/10\/7.png 1300w, https:\/\/elitehubsocialmedia.com\/wp-content\/uploads\/2024\/10\/7-300x180.png 300w, https:\/\/elitehubsocialmedia.com\/wp-content\/uploads\/2024\/10\/7-1024x614.png 1024w, https:\/\/elitehubsocialmedia.com\/wp-content\/uploads\/2024\/10\/7-768x461.png 768w\" sizes=\"(max-width: 1300px) 100vw, 1300px\" \/><\/div><\/a><h5 class=\"m-neuron-post__title\"><a href=\"https:\/\/elitehubsocialmedia.com\/en\/portfolio\/publicidad-en-redes-sociales\">Social Media Ads<\/a><\/h5>        \r\n    <\/div>\t\t\t\t\t\t\t<\/article>\r\n\t\t\t\t\t\t\t\t\t\t\t<\/div>\r\n\t\t\t\r\n\t\t\t\t\t\t<\/div>\n\t\t\t\t<\/div>\n\t\t\t\t\t<\/div>\n\t\t<\/div>\n\t\t\t\t\t<\/div>\n\t\t<\/section>\n\t\t\t\t<\/div>","protected":false},"excerpt":{"rendered":"<p>elite hub Services Branding Consultor\u00eda Estrat\u00e9gica Creaci\u00f3n de Contenido Creadores de Contenido Gesti\u00f3n de Redes Sociales Publicidad en Redes Sociales<\/p>","protected":false},"author":1,"featured_media":0,"parent":0,"menu_order":0,"comment_status":"closed","ping_status":"closed","template":"","meta":{"footnotes":""},"class_list":["post-458","page","type-page","status-publish","hentry"],"_links":{"self":[{"href":"https:\/\/elitehubsocialmedia.com\/en\/wp-json\/wp\/v2\/pages\/458","targetHints":{"allow":["GET"]}}],"collection":[{"href":"https:\/\/elitehubsocialmedia.com\/en\/wp-json\/wp\/v2\/pages"}],"about":[{"href":"https:\/\/elitehubsocialmedia.com\/en\/wp-json\/wp\/v2\/types\/page"}],"author":[{"embeddable":true,"href":"https:\/\/elitehubsocialmedia.com\/en\/wp-json\/wp\/v2\/users\/1"}],"replies":[{"embeddable":true,"href":"https:\/\/elitehubsocialmedia.com\/en\/wp-json\/wp\/v2\/comments?post=458"}],"version-history":[{"count":17,"href":"https:\/\/elitehubsocialmedia.com\/en\/wp-json\/wp\/v2\/pages\/458\/revisions"}],"predecessor-version":[{"id":3424,"href":"https:\/\/elitehubsocialmedia.com\/en\/wp-json\/wp\/v2\/pages\/458\/revisions\/3424"}],"wp:attachment":[{"href":"https:\/\/elitehubsocialmedia.com\/en\/wp-json\/wp\/v2\/media?parent=458"}],"curies":[{"name":"wp","href":"https:\/\/api.w.org\/{rel}","templated":true}]}}